{"id":11114,"date":"2025-02-05T10:05:16","date_gmt":"2025-02-05T09:05:16","guid":{"rendered":"https:\/\/www.sams-industrie.fr\/product\/butee-de-verrouillage-reference\/"},"modified":"2025-02-19T12:07:28","modified_gmt":"2025-02-19T11:07:28","slug":"butee-de-verrouillage-reference","status":"publish","type":"product","link":"https:\/\/www.sams-industrie.fr\/en\/product\/butee-de-verrouillage-reference\/","title":{"rendered":"Locking stop<br> Reference 500-100-026"},"content":{"rendered":"","protected":false},"excerpt":{"rendered":"<p>RAPIDEX RAPIDLINE<br \/> R\u00e9f\u00e9rence constructeur : 500-100-026<br \/> R\u00e9f\u00e9rences \u00e9quivalentes : 500100026 \/ M500100026 \/ RAP500100026<\/p>","protected":false},"featured_media":0,"comment_status":"open","ping_status":"closed","template":"","meta":[],"_links":{"self":[{"href":"https:\/\/www.sams-industrie.fr\/en\/wp-json\/wp\/v2\/product\/11114"}],"collection":[{"href":"https:\/\/www.sams-industrie.fr\/en\/wp-json\/wp\/v2\/product"}],"about":[{"href":"https:\/\/www.sams-industrie.fr\/en\/wp-json\/wp\/v2\/types\/product"}],"replies":[{"embeddable":true,"href":"https:\/\/www.sams-industrie.fr\/en\/wp-json\/wp\/v2\/comments?post=11114"}],"wp:attachment":[{"href":"https:\/\/www.sams-industrie.fr\/en\/wp-json\/wp\/v2\/media?parent=11114"}],"curies":[{"name":"wp","href":"https:\/\/api.w.org\/{rel}","templated":true}]}}