{"id":11110,"date":"2025-02-05T10:05:14","date_gmt":"2025-02-05T09:05:14","guid":{"rendered":"https:\/\/www.sams-industrie.fr\/product\/support-de-seau-reference-imprimeuse-2\/"},"modified":"2025-02-19T12:07:25","modified_gmt":"2025-02-19T11:07:25","slug":"support-de-seau-reference-imprimeuse-2","status":"publish","type":"product","link":"https:\/\/www.sams-industrie.fr\/en\/product\/support-de-seau-reference-imprimeuse-2\/","title":{"rendered":"Bucket Holder<br> Reference 600-100-026"},"content":{"rendered":"","protected":false},"excerpt":{"rendered":"<p>RAPIDEX RAPIDLINE 10<br \/> R\u00e9f\u00e9rence constructeur : 600-100-026<br \/> R\u00e9f\u00e9rences \u00e9quivalentes : 600100026 \/ M600100026 \/ RAP600100026<\/p>","protected":false},"featured_media":0,"comment_status":"open","ping_status":"closed","template":"","meta":[],"_links":{"self":[{"href":"https:\/\/www.sams-industrie.fr\/en\/wp-json\/wp\/v2\/product\/11110"}],"collection":[{"href":"https:\/\/www.sams-industrie.fr\/en\/wp-json\/wp\/v2\/product"}],"about":[{"href":"https:\/\/www.sams-industrie.fr\/en\/wp-json\/wp\/v2\/types\/product"}],"replies":[{"embeddable":true,"href":"https:\/\/www.sams-industrie.fr\/en\/wp-json\/wp\/v2\/comments?post=11110"}],"wp:attachment":[{"href":"https:\/\/www.sams-industrie.fr\/en\/wp-json\/wp\/v2\/media?parent=11110"}],"curies":[{"name":"wp","href":"https:\/\/api.w.org\/{rel}","templated":true}]}}