{"id":11109,"date":"2025-02-05T10:05:13","date_gmt":"2025-02-05T09:05:13","guid":{"rendered":"https:\/\/www.sams-industrie.fr\/product\/manchon-inferieur-reference-tous-modules\/"},"modified":"2025-02-19T12:07:25","modified_gmt":"2025-02-19T11:07:25","slug":"manchon-inferieur-reference-tous-modules","status":"publish","type":"product","link":"https:\/\/www.sams-industrie.fr\/en\/product\/manchon-inferieur-reference-tous-modules\/","title":{"rendered":"Lower sleeve<br> Reference 500-401-020"},"content":{"rendered":"","protected":false},"excerpt":{"rendered":"<p>RAPIDEX RAPIDLINE 16<br \/> R\u00e9f\u00e9rence constructeur : 500-401-020<br \/> R\u00e9f\u00e9rences \u00e9quivalentes : 500401020 \/ M500401020 \/ RAP500401020<\/p>","protected":false},"featured_media":0,"comment_status":"open","ping_status":"closed","template":"","meta":[],"_links":{"self":[{"href":"https:\/\/www.sams-industrie.fr\/en\/wp-json\/wp\/v2\/product\/11109"}],"collection":[{"href":"https:\/\/www.sams-industrie.fr\/en\/wp-json\/wp\/v2\/product"}],"about":[{"href":"https:\/\/www.sams-industrie.fr\/en\/wp-json\/wp\/v2\/types\/product"}],"replies":[{"embeddable":true,"href":"https:\/\/www.sams-industrie.fr\/en\/wp-json\/wp\/v2\/comments?post=11109"}],"wp:attachment":[{"href":"https:\/\/www.sams-industrie.fr\/en\/wp-json\/wp\/v2\/media?parent=11109"}],"curies":[{"name":"wp","href":"https:\/\/api.w.org\/{rel}","templated":true}]}}