{"id":11108,"date":"2025-02-05T10:05:13","date_gmt":"2025-02-05T09:05:13","guid":{"rendered":"https:\/\/www.sams-industrie.fr\/product\/clavette-ouverture-caoutchoute-reference-imprimeuse\/"},"modified":"2025-02-19T12:07:24","modified_gmt":"2025-02-19T11:07:24","slug":"clavette-ouverture-caoutchoute-reference-imprimeuse","status":"publish","type":"product","link":"https:\/\/www.sams-industrie.fr\/en\/product\/clavette-ouverture-caoutchoute-reference-imprimeuse\/","title":{"rendered":"Rubberized opening key<br> Reference 800-109-046"},"content":{"rendered":"","protected":false},"excerpt":{"rendered":"<p>RAPIDEX RAPIDLINE<br \/> R\u00e9f\u00e9rence constructeur : 800-109-046<br \/> R\u00e9f\u00e9rences \u00e9quivalentes : 800109046 \/ M800109046 \/ RAP800109046<\/p>","protected":false},"featured_media":0,"comment_status":"open","ping_status":"closed","template":"","meta":[],"_links":{"self":[{"href":"https:\/\/www.sams-industrie.fr\/en\/wp-json\/wp\/v2\/product\/11108"}],"collection":[{"href":"https:\/\/www.sams-industrie.fr\/en\/wp-json\/wp\/v2\/product"}],"about":[{"href":"https:\/\/www.sams-industrie.fr\/en\/wp-json\/wp\/v2\/types\/product"}],"replies":[{"embeddable":true,"href":"https:\/\/www.sams-industrie.fr\/en\/wp-json\/wp\/v2\/comments?post=11108"}],"wp:attachment":[{"href":"https:\/\/www.sams-industrie.fr\/en\/wp-json\/wp\/v2\/media?parent=11108"}],"curies":[{"name":"wp","href":"https:\/\/api.w.org\/{rel}","templated":true}]}}