{"id":11106,"date":"2025-02-05T10:05:11","date_gmt":"2025-02-05T09:05:11","guid":{"rendered":"https:\/\/www.sams-industrie.fr\/product\/bielle-t1-reference-tous-modules\/"},"modified":"2025-02-19T12:07:22","modified_gmt":"2025-02-19T11:07:22","slug":"bielle-t1-reference-tous-modules","status":"publish","type":"product","link":"https:\/\/www.sams-industrie.fr\/en\/product\/bielle-t1-reference-tous-modules\/","title":{"rendered":"T1 connecting rod<br> Reference 500-102-010"},"content":{"rendered":"","protected":false},"excerpt":{"rendered":"<p>RAPIDEX RAPIDLINE 16<br \/> R\u00e9f\u00e9rence constructeur : 500-102-010<br \/> R\u00e9f\u00e9rences \u00e9quivalentes : 500102010 \/ M500102010 \/ RAP500102010<\/p>","protected":false},"featured_media":0,"comment_status":"open","ping_status":"closed","template":"","meta":[],"_links":{"self":[{"href":"https:\/\/www.sams-industrie.fr\/en\/wp-json\/wp\/v2\/product\/11106"}],"collection":[{"href":"https:\/\/www.sams-industrie.fr\/en\/wp-json\/wp\/v2\/product"}],"about":[{"href":"https:\/\/www.sams-industrie.fr\/en\/wp-json\/wp\/v2\/types\/product"}],"replies":[{"embeddable":true,"href":"https:\/\/www.sams-industrie.fr\/en\/wp-json\/wp\/v2\/comments?post=11106"}],"wp:attachment":[{"href":"https:\/\/www.sams-industrie.fr\/en\/wp-json\/wp\/v2\/media?parent=11106"}],"curies":[{"name":"wp","href":"https:\/\/api.w.org\/{rel}","templated":true}]}}