{"id":11102,"date":"2025-02-05T10:05:09","date_gmt":"2025-02-05T09:05:09","guid":{"rendered":"https:\/\/www.sams-industrie.fr\/product\/rondelle-de-reglage-bielle-t1-reference-tous-modules\/"},"modified":"2025-04-17T16:14:30","modified_gmt":"2025-04-17T14:14:30","slug":"rondelle-de-reglage-bielle-t1-reference-tous-modules","status":"publish","type":"product","link":"https:\/\/www.sams-industrie.fr\/en\/product\/rondelle-de-reglage-bielle-t1-reference-tous-modules\/","title":{"rendered":"T1 connecting rod adjustment washer<br> Reference 500-312-012"},"content":{"rendered":"","protected":false},"excerpt":{"rendered":"<p>RAPIDEX RAPIDLINE 16<br \/>\nR\u00e9f\u00e9rence constructeur : 500-312-012<br \/>\nR\u00e9f\u00e9rences \u00e9quivalentes : 500312012 \/ M500312012 \/ R-40-60-5<\/p>","protected":false},"featured_media":11338,"comment_status":"open","ping_status":"closed","template":"","meta":[],"_links":{"self":[{"href":"https:\/\/www.sams-industrie.fr\/en\/wp-json\/wp\/v2\/product\/11102"}],"collection":[{"href":"https:\/\/www.sams-industrie.fr\/en\/wp-json\/wp\/v2\/product"}],"about":[{"href":"https:\/\/www.sams-industrie.fr\/en\/wp-json\/wp\/v2\/types\/product"}],"replies":[{"embeddable":true,"href":"https:\/\/www.sams-industrie.fr\/en\/wp-json\/wp\/v2\/comments?post=11102"}],"wp:featuredmedia":[{"embeddable":true,"href":"https:\/\/www.sams-industrie.fr\/en\/wp-json\/wp\/v2\/media\/11338"}],"wp:attachment":[{"href":"https:\/\/www.sams-industrie.fr\/en\/wp-json\/wp\/v2\/media?parent=11102"}],"curies":[{"name":"wp","href":"https:\/\/api.w.org\/{rel}","templated":true}]}}