{"id":11100,"date":"2025-02-05T10:05:08","date_gmt":"2025-02-05T09:05:08","guid":{"rendered":"https:\/\/www.sams-industrie.fr\/product\/chape-arriere-verin-sandwich-reference\/"},"modified":"2025-02-19T12:07:18","modified_gmt":"2025-02-19T11:07:18","slug":"chape-arriere-verin-sandwich-reference","status":"publish","type":"product","link":"https:\/\/www.sams-industrie.fr\/en\/product\/chape-arriere-verin-sandwich-reference\/","title":{"rendered":"Rear sandwich cylinder yoke<br> Reference CJ-020-143"},"content":{"rendered":"","protected":false},"excerpt":{"rendered":"<p>RAPIDEX 2PC721<br \/> R\u00e9f\u00e9rence constructeur : CJ-020-143<br \/> R\u00e9f\u00e9rences \u00e9quivalentes : CJ020143 \/ MCJ020143 \/ RAPCJ020143<\/p>","protected":false},"featured_media":0,"comment_status":"open","ping_status":"closed","template":"","meta":[],"_links":{"self":[{"href":"https:\/\/www.sams-industrie.fr\/en\/wp-json\/wp\/v2\/product\/11100"}],"collection":[{"href":"https:\/\/www.sams-industrie.fr\/en\/wp-json\/wp\/v2\/product"}],"about":[{"href":"https:\/\/www.sams-industrie.fr\/en\/wp-json\/wp\/v2\/types\/product"}],"replies":[{"embeddable":true,"href":"https:\/\/www.sams-industrie.fr\/en\/wp-json\/wp\/v2\/comments?post=11100"}],"wp:attachment":[{"href":"https:\/\/www.sams-industrie.fr\/en\/wp-json\/wp\/v2\/media?parent=11100"}],"curies":[{"name":"wp","href":"https:\/\/api.w.org\/{rel}","templated":true}]}}