{"id":11099,"date":"2025-02-05T10:05:06","date_gmt":"2025-02-05T09:05:06","guid":{"rendered":"https:\/\/www.sams-industrie.fr\/product\/axe-diametre-30-reference-plieuse\/"},"modified":"2025-07-03T15:11:11","modified_gmt":"2025-07-03T13:11:11","slug":"axe-diametre-30-reference-plieuse","status":"publish","type":"product","link":"https:\/\/www.sams-industrie.fr\/en\/product\/axe-diametre-30-reference-plieuse\/","title":{"rendered":"Axle diameter 30<br> Reference 805-004-029"},"content":{"rendered":"","protected":false},"excerpt":{"rendered":"<p>RAPIDEX RAPIDLINE 22<br \/>\nR\u00e9f\u00e9rence constructeur : 805-004-029<br \/>\nR\u00e9f\u00e9rences \u00e9quivalentes : 805004029 \/ M805004029 \/ RAP805004029<\/p>","protected":false},"featured_media":11398,"comment_status":"open","ping_status":"closed","template":"","meta":[],"_links":{"self":[{"href":"https:\/\/www.sams-industrie.fr\/en\/wp-json\/wp\/v2\/product\/11099"}],"collection":[{"href":"https:\/\/www.sams-industrie.fr\/en\/wp-json\/wp\/v2\/product"}],"about":[{"href":"https:\/\/www.sams-industrie.fr\/en\/wp-json\/wp\/v2\/types\/product"}],"replies":[{"embeddable":true,"href":"https:\/\/www.sams-industrie.fr\/en\/wp-json\/wp\/v2\/comments?post=11099"}],"wp:featuredmedia":[{"embeddable":true,"href":"https:\/\/www.sams-industrie.fr\/en\/wp-json\/wp\/v2\/media\/11398"}],"wp:attachment":[{"href":"https:\/\/www.sams-industrie.fr\/en\/wp-json\/wp\/v2\/media?parent=11099"}],"curies":[{"name":"wp","href":"https:\/\/api.w.org\/{rel}","templated":true}]}}