{"id":11096,"date":"2025-02-05T10:05:04","date_gmt":"2025-02-05T09:05:04","guid":{"rendered":"https:\/\/www.sams-industrie.fr\/product\/poulie-de-renvoi-cinematique-reference-margeur\/"},"modified":"2025-04-17T16:15:26","modified_gmt":"2025-04-17T14:15:26","slug":"poulie-de-renvoi-cinematique-reference-margeur","status":"publish","type":"product","link":"https:\/\/www.sams-industrie.fr\/en\/product\/poulie-de-renvoi-cinematique-reference-margeur\/","title":{"rendered":"Kinematic return pulley<br> Reference 800-914-019"},"content":{"rendered":"","protected":false},"excerpt":{"rendered":"<p>RAPIDEX RAPIDLINE 22<br \/>\nR\u00e9f\u00e9rence constructeur : 800-914-019<br \/>\nR\u00e9f\u00e9rences \u00e9quivalentes : 800914019 \/ M800914019 \/ RAP800914019<\/p>","protected":false},"featured_media":11339,"comment_status":"open","ping_status":"closed","template":"","meta":[],"_links":{"self":[{"href":"https:\/\/www.sams-industrie.fr\/en\/wp-json\/wp\/v2\/product\/11096"}],"collection":[{"href":"https:\/\/www.sams-industrie.fr\/en\/wp-json\/wp\/v2\/product"}],"about":[{"href":"https:\/\/www.sams-industrie.fr\/en\/wp-json\/wp\/v2\/types\/product"}],"replies":[{"embeddable":true,"href":"https:\/\/www.sams-industrie.fr\/en\/wp-json\/wp\/v2\/comments?post=11096"}],"wp:featuredmedia":[{"embeddable":true,"href":"https:\/\/www.sams-industrie.fr\/en\/wp-json\/wp\/v2\/media\/11339"}],"wp:attachment":[{"href":"https:\/\/www.sams-industrie.fr\/en\/wp-json\/wp\/v2\/media?parent=11096"}],"curies":[{"name":"wp","href":"https:\/\/api.w.org\/{rel}","templated":true}]}}