{"id":11095,"date":"2025-02-05T10:05:04","date_gmt":"2025-02-05T09:05:04","guid":{"rendered":"https:\/\/www.sams-industrie.fr\/product\/arbre-roue-motrice-reducteur-reference-tous-modules\/"},"modified":"2025-02-19T12:07:14","modified_gmt":"2025-02-19T11:07:14","slug":"arbre-roue-motrice-reducteur-reference-tous-modules","status":"publish","type":"product","link":"https:\/\/www.sams-industrie.fr\/en\/product\/arbre-roue-motrice-reducteur-reference-tous-modules\/","title":{"rendered":"Drive wheel shaft reducer<br> Reference 800-101-017"},"content":{"rendered":"","protected":false},"excerpt":{"rendered":"<p>RAPIDEX RAPIDLINE 22<br \/> R\u00e9f\u00e9rence constructeur : 800-101-017<br \/> R\u00e9f\u00e9rences \u00e9quivalentes : 800101017 \/ M800101017 \/ RAP800101017<\/p>","protected":false},"featured_media":0,"comment_status":"open","ping_status":"closed","template":"","meta":[],"_links":{"self":[{"href":"https:\/\/www.sams-industrie.fr\/en\/wp-json\/wp\/v2\/product\/11095"}],"collection":[{"href":"https:\/\/www.sams-industrie.fr\/en\/wp-json\/wp\/v2\/product"}],"about":[{"href":"https:\/\/www.sams-industrie.fr\/en\/wp-json\/wp\/v2\/types\/product"}],"replies":[{"embeddable":true,"href":"https:\/\/www.sams-industrie.fr\/en\/wp-json\/wp\/v2\/comments?post=11095"}],"wp:attachment":[{"href":"https:\/\/www.sams-industrie.fr\/en\/wp-json\/wp\/v2\/media?parent=11095"}],"curies":[{"name":"wp","href":"https:\/\/api.w.org\/{rel}","templated":true}]}}