{"id":11094,"date":"2025-02-05T10:05:03","date_gmt":"2025-02-05T09:05:03","guid":{"rendered":"https:\/\/www.sams-industrie.fr\/product\/clavette-arbre-roue-motrice-reducteur-reference-tous-modules\/"},"modified":"2025-02-19T12:07:13","modified_gmt":"2025-02-19T11:07:13","slug":"clavette-arbre-roue-motrice-reducteur-reference-tous-modules","status":"publish","type":"product","link":"https:\/\/www.sams-industrie.fr\/en\/product\/clavette-arbre-roue-motrice-reducteur-reference-tous-modules\/","title":{"rendered":"Key for drive wheel shaft of reducer<br> Reference 800-101-025"},"content":{"rendered":"","protected":false},"excerpt":{"rendered":"<p>RAPIDEX RAPIDLINE 22<br \/> R\u00e9f\u00e9rence constructeur : 800-101-025<br \/> R\u00e9f\u00e9rences \u00e9quivalentes : 800101025 \/ M800101025 \/ RAP800101025<\/p>","protected":false},"featured_media":0,"comment_status":"open","ping_status":"closed","template":"","meta":[],"_links":{"self":[{"href":"https:\/\/www.sams-industrie.fr\/en\/wp-json\/wp\/v2\/product\/11094"}],"collection":[{"href":"https:\/\/www.sams-industrie.fr\/en\/wp-json\/wp\/v2\/product"}],"about":[{"href":"https:\/\/www.sams-industrie.fr\/en\/wp-json\/wp\/v2\/types\/product"}],"replies":[{"embeddable":true,"href":"https:\/\/www.sams-industrie.fr\/en\/wp-json\/wp\/v2\/comments?post=11094"}],"wp:attachment":[{"href":"https:\/\/www.sams-industrie.fr\/en\/wp-json\/wp\/v2\/media?parent=11094"}],"curies":[{"name":"wp","href":"https:\/\/api.w.org\/{rel}","templated":true}]}}