{"id":11088,"date":"2025-02-05T10:04:59","date_gmt":"2025-02-05T09:04:59","guid":{"rendered":"https:\/\/www.sams-industrie.fr\/product\/support-coupe-patte-droit-reference\/"},"modified":"2025-02-19T12:07:07","modified_gmt":"2025-02-19T11:07:07","slug":"support-coupe-patte-droit-reference","status":"publish","type":"product","link":"https:\/\/www.sams-industrie.fr\/en\/product\/support-coupe-patte-droit-reference\/","title":{"rendered":"Straight leg cutter support<br> Reference BAF-2152-058"},"content":{"rendered":"","protected":false},"excerpt":{"rendered":"<p>RAPIDEX RAPIDBOX<br \/> R\u00e9f\u00e9rence constructeur : BAF-2152-058<br \/> R\u00e9f\u00e9rences \u00e9quivalentes : BAF2152058 \/ MBAF2152058 \/ RAPBAF2152058<\/p>","protected":false},"featured_media":0,"comment_status":"open","ping_status":"closed","template":"","meta":[],"_links":{"self":[{"href":"https:\/\/www.sams-industrie.fr\/en\/wp-json\/wp\/v2\/product\/11088"}],"collection":[{"href":"https:\/\/www.sams-industrie.fr\/en\/wp-json\/wp\/v2\/product"}],"about":[{"href":"https:\/\/www.sams-industrie.fr\/en\/wp-json\/wp\/v2\/types\/product"}],"replies":[{"embeddable":true,"href":"https:\/\/www.sams-industrie.fr\/en\/wp-json\/wp\/v2\/comments?post=11088"}],"wp:attachment":[{"href":"https:\/\/www.sams-industrie.fr\/en\/wp-json\/wp\/v2\/media?parent=11088"}],"curies":[{"name":"wp","href":"https:\/\/api.w.org\/{rel}","templated":true}]}}