{"id":11087,"date":"2025-02-05T10:04:59","date_gmt":"2025-02-05T09:04:59","guid":{"rendered":"https:\/\/www.sams-industrie.fr\/product\/ensemble-coupe-patte-gauche-complet-reference\/"},"modified":"2025-09-11T14:33:12","modified_gmt":"2025-09-11T12:33:12","slug":"ensemble-coupe-patte-gauche-complet-reference","status":"publish","type":"product","link":"https:\/\/www.sams-industrie.fr\/en\/product\/ensemble-coupe-patte-gauche-complet-reference\/","title":{"rendered":"Complete left leg cutter set<br> Reference BAF-2152-A19"},"content":{"rendered":"","protected":false},"excerpt":{"rendered":"<p>RAPIDEX RAPIDBOX<br \/>\nR\u00e9f\u00e9rence constructeur : BAF-2152-A19<br \/>\nR\u00e9f\u00e9rences \u00e9quivalentes : BAF2152A19 \/ MBAF2152A19 \/ RAPBAF2152A19<\/p>","protected":false},"featured_media":11482,"comment_status":"open","ping_status":"closed","template":"","meta":[],"_links":{"self":[{"href":"https:\/\/www.sams-industrie.fr\/en\/wp-json\/wp\/v2\/product\/11087"}],"collection":[{"href":"https:\/\/www.sams-industrie.fr\/en\/wp-json\/wp\/v2\/product"}],"about":[{"href":"https:\/\/www.sams-industrie.fr\/en\/wp-json\/wp\/v2\/types\/product"}],"replies":[{"embeddable":true,"href":"https:\/\/www.sams-industrie.fr\/en\/wp-json\/wp\/v2\/comments?post=11087"}],"wp:featuredmedia":[{"embeddable":true,"href":"https:\/\/www.sams-industrie.fr\/en\/wp-json\/wp\/v2\/media\/11482"}],"wp:attachment":[{"href":"https:\/\/www.sams-industrie.fr\/en\/wp-json\/wp\/v2\/media?parent=11087"}],"curies":[{"name":"wp","href":"https:\/\/api.w.org\/{rel}","templated":true}]}}