{"id":11086,"date":"2025-02-05T10:04:58","date_gmt":"2025-02-05T09:04:58","guid":{"rendered":"https:\/\/www.sams-industrie.fr\/product\/ensemble-coupe-patte-droit-complet-reference\/"},"modified":"2025-09-11T14:35:03","modified_gmt":"2025-09-11T12:35:03","slug":"ensemble-coupe-patte-droit-complet-reference","status":"publish","type":"product","link":"https:\/\/www.sams-industrie.fr\/en\/product\/ensemble-coupe-patte-droit-complet-reference\/","title":{"rendered":"Complete straight leg cutter set<br> Reference BAF-2152-A25"},"content":{"rendered":"","protected":false},"excerpt":{"rendered":"<p>RAPIDEX RAPIDBOX<br \/>\nR\u00e9f\u00e9rence constructeur : BAF-2152-A25<br \/>\nR\u00e9f\u00e9rences \u00e9quivalentes : BAF2152A25 \/ MBAF2152A25 \/ RAPBAF2152A25<\/p>","protected":false},"featured_media":11483,"comment_status":"open","ping_status":"closed","template":"","meta":[],"_links":{"self":[{"href":"https:\/\/www.sams-industrie.fr\/en\/wp-json\/wp\/v2\/product\/11086"}],"collection":[{"href":"https:\/\/www.sams-industrie.fr\/en\/wp-json\/wp\/v2\/product"}],"about":[{"href":"https:\/\/www.sams-industrie.fr\/en\/wp-json\/wp\/v2\/types\/product"}],"replies":[{"embeddable":true,"href":"https:\/\/www.sams-industrie.fr\/en\/wp-json\/wp\/v2\/comments?post=11086"}],"wp:featuredmedia":[{"embeddable":true,"href":"https:\/\/www.sams-industrie.fr\/en\/wp-json\/wp\/v2\/media\/11483"}],"wp:attachment":[{"href":"https:\/\/www.sams-industrie.fr\/en\/wp-json\/wp\/v2\/media?parent=11086"}],"curies":[{"name":"wp","href":"https:\/\/api.w.org\/{rel}","templated":true}]}}