{"id":11085,"date":"2025-02-05T10:04:57","date_gmt":"2025-02-05T09:04:57","guid":{"rendered":"https:\/\/www.sams-industrie.fr\/product\/galet-batteur-reference-empileur\/"},"modified":"2025-02-19T12:07:05","modified_gmt":"2025-02-19T11:07:05","slug":"galet-batteur-reference-empileur","status":"publish","type":"product","link":"https:\/\/www.sams-industrie.fr\/en\/product\/galet-batteur-reference-empileur\/","title":{"rendered":"Beater roller<br> Reference DK-007-120"},"content":{"rendered":"","protected":false},"excerpt":{"rendered":"<p>RAPIDEX RAPIDLINE 22<br \/> R\u00e9f\u00e9rence constructeur : DK-007-120<br \/> R\u00e9f\u00e9rences \u00e9quivalentes : DK002089 \/ MDK002089 \/ RAPDK002089<\/p>","protected":false},"featured_media":0,"comment_status":"open","ping_status":"closed","template":"","meta":[],"_links":{"self":[{"href":"https:\/\/www.sams-industrie.fr\/en\/wp-json\/wp\/v2\/product\/11085"}],"collection":[{"href":"https:\/\/www.sams-industrie.fr\/en\/wp-json\/wp\/v2\/product"}],"about":[{"href":"https:\/\/www.sams-industrie.fr\/en\/wp-json\/wp\/v2\/types\/product"}],"replies":[{"embeddable":true,"href":"https:\/\/www.sams-industrie.fr\/en\/wp-json\/wp\/v2\/comments?post=11085"}],"wp:attachment":[{"href":"https:\/\/www.sams-industrie.fr\/en\/wp-json\/wp\/v2\/media?parent=11085"}],"curies":[{"name":"wp","href":"https:\/\/api.w.org\/{rel}","templated":true}]}}