{"id":11084,"date":"2025-02-05T10:04:57","date_gmt":"2025-02-05T09:04:57","guid":{"rendered":"https:\/\/www.sams-industrie.fr\/product\/support-batteur-exterieur-reference-empileur\/"},"modified":"2025-10-29T15:33:45","modified_gmt":"2025-10-29T14:33:45","slug":"support-batteur-exterieur-reference-empileur","status":"publish","type":"product","link":"https:\/\/www.sams-industrie.fr\/en\/product\/support-batteur-exterieur-reference-empileur\/","title":{"rendered":"External drummer support<br> Reference DK-007-120"},"content":{"rendered":"","protected":false},"excerpt":{"rendered":"<p>RAPIDEX RAPIDLINE<br \/>\nR\u00e9f\u00e9rence constructeur : DK-007-120<br \/>\nR\u00e9f\u00e9rences \u00e9quivalentes : DK007120 \/ MDK007120 \/ RAPDK007120<\/p>","protected":false},"featured_media":11670,"comment_status":"open","ping_status":"closed","template":"","meta":[],"_links":{"self":[{"href":"https:\/\/www.sams-industrie.fr\/en\/wp-json\/wp\/v2\/product\/11084"}],"collection":[{"href":"https:\/\/www.sams-industrie.fr\/en\/wp-json\/wp\/v2\/product"}],"about":[{"href":"https:\/\/www.sams-industrie.fr\/en\/wp-json\/wp\/v2\/types\/product"}],"replies":[{"embeddable":true,"href":"https:\/\/www.sams-industrie.fr\/en\/wp-json\/wp\/v2\/comments?post=11084"}],"wp:featuredmedia":[{"embeddable":true,"href":"https:\/\/www.sams-industrie.fr\/en\/wp-json\/wp\/v2\/media\/11670"}],"wp:attachment":[{"href":"https:\/\/www.sams-industrie.fr\/en\/wp-json\/wp\/v2\/media?parent=11084"}],"curies":[{"name":"wp","href":"https:\/\/api.w.org\/{rel}","templated":true}]}}