{"id":11083,"date":"2025-02-05T10:04:56","date_gmt":"2025-02-05T09:04:56","guid":{"rendered":"https:\/\/www.sams-industrie.fr\/product\/pignon-moteur-22dts-reference-agrafeuse-en-ligne\/"},"modified":"2025-02-19T12:07:04","modified_gmt":"2025-02-19T11:07:04","slug":"pignon-moteur-22dts-reference-agrafeuse-en-ligne","status":"publish","type":"product","link":"https:\/\/www.sams-industrie.fr\/en\/product\/pignon-moteur-22dts-reference-agrafeuse-en-ligne\/","title":{"rendered":"22T engine sprocket<br> Reference BG-020-622"},"content":{"rendered":"","protected":false},"excerpt":{"rendered":"<p>RAPIDEX RAPIDLINE<br \/> R\u00e9f\u00e9rence constructeur : BG-020-622<br \/> R\u00e9f\u00e9rences \u00e9quivalentes : BG020622 \/ MBG020622 \/ RAPBG020622<\/p>","protected":false},"featured_media":0,"comment_status":"open","ping_status":"closed","template":"","meta":[],"_links":{"self":[{"href":"https:\/\/www.sams-industrie.fr\/en\/wp-json\/wp\/v2\/product\/11083"}],"collection":[{"href":"https:\/\/www.sams-industrie.fr\/en\/wp-json\/wp\/v2\/product"}],"about":[{"href":"https:\/\/www.sams-industrie.fr\/en\/wp-json\/wp\/v2\/types\/product"}],"replies":[{"embeddable":true,"href":"https:\/\/www.sams-industrie.fr\/en\/wp-json\/wp\/v2\/comments?post=11083"}],"wp:attachment":[{"href":"https:\/\/www.sams-industrie.fr\/en\/wp-json\/wp\/v2\/media?parent=11083"}],"curies":[{"name":"wp","href":"https:\/\/api.w.org\/{rel}","templated":true}]}}