{"id":11081,"date":"2025-02-05T10:04:55","date_gmt":"2025-02-05T09:04:55","guid":{"rendered":"https:\/\/www.sams-industrie.fr\/product\/axe-de-galet-superieur-reference-agrafeuse-en-ligne\/"},"modified":"2025-02-19T12:07:03","modified_gmt":"2025-02-19T11:07:03","slug":"axe-de-galet-superieur-reference-agrafeuse-en-ligne","status":"publish","type":"product","link":"https:\/\/www.sams-industrie.fr\/en\/product\/axe-de-galet-superieur-reference-agrafeuse-en-ligne\/","title":{"rendered":"Upper roller axle<br> Reference BG-020-613"},"content":{"rendered":"","protected":false},"excerpt":{"rendered":"<p>RAPIDEX RAPIDLINE<br \/> R\u00e9f\u00e9rence constructeur : BG-020-613<br \/> R\u00e9f\u00e9rences \u00e9quivalentes : BG020613 \/ MBG020613 \/ RAPBG020613<\/p>","protected":false},"featured_media":0,"comment_status":"open","ping_status":"closed","template":"","meta":[],"_links":{"self":[{"href":"https:\/\/www.sams-industrie.fr\/en\/wp-json\/wp\/v2\/product\/11081"}],"collection":[{"href":"https:\/\/www.sams-industrie.fr\/en\/wp-json\/wp\/v2\/product"}],"about":[{"href":"https:\/\/www.sams-industrie.fr\/en\/wp-json\/wp\/v2\/types\/product"}],"replies":[{"embeddable":true,"href":"https:\/\/www.sams-industrie.fr\/en\/wp-json\/wp\/v2\/comments?post=11081"}],"wp:attachment":[{"href":"https:\/\/www.sams-industrie.fr\/en\/wp-json\/wp\/v2\/media?parent=11081"}],"curies":[{"name":"wp","href":"https:\/\/api.w.org\/{rel}","templated":true}]}}