{"id":11078,"date":"2025-02-05T10:04:53","date_gmt":"2025-02-05T09:04:53","guid":{"rendered":"https:\/\/www.sams-industrie.fr\/product\/entretoise-axe-levier-de-sortie-reference-plieuse\/"},"modified":"2025-04-22T16:06:47","modified_gmt":"2025-04-22T14:06:47","slug":"entretoise-axe-levier-de-sortie-reference-plieuse","status":"publish","type":"product","link":"https:\/\/www.sams-industrie.fr\/en\/product\/entretoise-axe-levier-de-sortie-reference-plieuse\/","title":{"rendered":"Output lever axle spacer<br> Reference 805-006-035"},"content":{"rendered":"","protected":false},"excerpt":{"rendered":"<p>RAPIDEX RAPIDLINE 22<br \/>\nR\u00e9f\u00e9rence constructeur : 805-006-035<br \/>\nR\u00e9f\u00e9rences \u00e9quivalentes : 805006035 \/ M805006035 \/ RAP805006035<\/p>","protected":false},"featured_media":11360,"comment_status":"open","ping_status":"closed","template":"","meta":[],"_links":{"self":[{"href":"https:\/\/www.sams-industrie.fr\/en\/wp-json\/wp\/v2\/product\/11078"}],"collection":[{"href":"https:\/\/www.sams-industrie.fr\/en\/wp-json\/wp\/v2\/product"}],"about":[{"href":"https:\/\/www.sams-industrie.fr\/en\/wp-json\/wp\/v2\/types\/product"}],"replies":[{"embeddable":true,"href":"https:\/\/www.sams-industrie.fr\/en\/wp-json\/wp\/v2\/comments?post=11078"}],"wp:featuredmedia":[{"embeddable":true,"href":"https:\/\/www.sams-industrie.fr\/en\/wp-json\/wp\/v2\/media\/11360"}],"wp:attachment":[{"href":"https:\/\/www.sams-industrie.fr\/en\/wp-json\/wp\/v2\/media?parent=11078"}],"curies":[{"name":"wp","href":"https:\/\/api.w.org\/{rel}","templated":true}]}}