{"id":11077,"date":"2025-02-05T10:04:52","date_gmt":"2025-02-05T09:04:52","guid":{"rendered":"https:\/\/www.sams-industrie.fr\/product\/clavette-tolerancee-01-reference-agrafeuse-en-ligne\/"},"modified":"2025-02-19T12:07:00","modified_gmt":"2025-02-19T11:07:00","slug":"clavette-tolerancee-01-reference-agrafeuse-en-ligne","status":"publish","type":"product","link":"https:\/\/www.sams-industrie.fr\/en\/product\/clavette-tolerancee-01-reference-agrafeuse-en-ligne\/","title":{"rendered":"Toleranced key 01<br> Reference CL-12-8-20"},"content":{"rendered":"","protected":false},"excerpt":{"rendered":"<p>RAPIDEX RAPIDLINE<br \/> R\u00e9f\u00e9rence constructeur : CL-12-8-20<br \/> R\u00e9f\u00e9rences \u00e9quivalentes : CL12820 \/ MCL12820 \/ RAPCL12820<\/p>","protected":false},"featured_media":0,"comment_status":"open","ping_status":"closed","template":"","meta":[],"_links":{"self":[{"href":"https:\/\/www.sams-industrie.fr\/en\/wp-json\/wp\/v2\/product\/11077"}],"collection":[{"href":"https:\/\/www.sams-industrie.fr\/en\/wp-json\/wp\/v2\/product"}],"about":[{"href":"https:\/\/www.sams-industrie.fr\/en\/wp-json\/wp\/v2\/types\/product"}],"replies":[{"embeddable":true,"href":"https:\/\/www.sams-industrie.fr\/en\/wp-json\/wp\/v2\/comments?post=11077"}],"wp:attachment":[{"href":"https:\/\/www.sams-industrie.fr\/en\/wp-json\/wp\/v2\/media?parent=11077"}],"curies":[{"name":"wp","href":"https:\/\/api.w.org\/{rel}","templated":true}]}}