{"id":11074,"date":"2025-02-05T10:04:51","date_gmt":"2025-02-05T09:04:51","guid":{"rendered":"https:\/\/www.sams-industrie.fr\/product\/palier-superieur-gauche-02-reference-agrafeuse-en-ligne\/"},"modified":"2025-02-19T12:06:58","modified_gmt":"2025-02-19T11:06:58","slug":"palier-superieur-gauche-02-reference-agrafeuse-en-ligne","status":"publish","type":"product","link":"https:\/\/www.sams-industrie.fr\/en\/product\/palier-superieur-gauche-02-reference-agrafeuse-en-ligne\/","title":{"rendered":"Upper left landing 02<br> Reference BG-111-027"},"content":{"rendered":"","protected":false},"excerpt":{"rendered":"<p>RAPIDEX RAPIDLINE<br \/> R\u00e9f\u00e9rence constructeur : BG-111-027<br \/> R\u00e9f\u00e9rences \u00e9quivalentes : BG111027 \/ MBG111027 \/ RAPBG111027<\/p>","protected":false},"featured_media":0,"comment_status":"open","ping_status":"closed","template":"","meta":[],"_links":{"self":[{"href":"https:\/\/www.sams-industrie.fr\/en\/wp-json\/wp\/v2\/product\/11074"}],"collection":[{"href":"https:\/\/www.sams-industrie.fr\/en\/wp-json\/wp\/v2\/product"}],"about":[{"href":"https:\/\/www.sams-industrie.fr\/en\/wp-json\/wp\/v2\/types\/product"}],"replies":[{"embeddable":true,"href":"https:\/\/www.sams-industrie.fr\/en\/wp-json\/wp\/v2\/comments?post=11074"}],"wp:attachment":[{"href":"https:\/\/www.sams-industrie.fr\/en\/wp-json\/wp\/v2\/media?parent=11074"}],"curies":[{"name":"wp","href":"https:\/\/api.w.org\/{rel}","templated":true}]}}