{"id":11072,"date":"2025-02-05T10:04:49","date_gmt":"2025-02-05T09:04:49","guid":{"rendered":"https:\/\/www.sams-industrie.fr\/product\/embout-gauche-monobloc-cylindre-porte-formes-reference-decoupeur\/"},"modified":"2025-02-19T12:06:56","modified_gmt":"2025-02-19T11:06:56","slug":"embout-gauche-monobloc-cylindre-porte-formes-reference-decoupeur","status":"publish","type":"product","link":"https:\/\/www.sams-industrie.fr\/en\/product\/embout-gauche-monobloc-cylindre-porte-formes-reference-decoupeur\/","title":{"rendered":"Left end piece for single-piece cylinder-holder<br> Reference 500-406-003"},"content":{"rendered":"","protected":false},"excerpt":{"rendered":"<p>RAPIDEX RAPIDLINE 16<br \/> R\u00e9f\u00e9rence constructeur : 500-406-003<br \/> R\u00e9f\u00e9rences \u00e9quivalentes : 500406003 \/ M500406003 \/ RAP500406003<\/p>","protected":false},"featured_media":0,"comment_status":"open","ping_status":"closed","template":"","meta":[],"_links":{"self":[{"href":"https:\/\/www.sams-industrie.fr\/en\/wp-json\/wp\/v2\/product\/11072"}],"collection":[{"href":"https:\/\/www.sams-industrie.fr\/en\/wp-json\/wp\/v2\/product"}],"about":[{"href":"https:\/\/www.sams-industrie.fr\/en\/wp-json\/wp\/v2\/types\/product"}],"replies":[{"embeddable":true,"href":"https:\/\/www.sams-industrie.fr\/en\/wp-json\/wp\/v2\/comments?post=11072"}],"wp:attachment":[{"href":"https:\/\/www.sams-industrie.fr\/en\/wp-json\/wp\/v2\/media?parent=11072"}],"curies":[{"name":"wp","href":"https:\/\/api.w.org\/{rel}","templated":true}]}}