{"id":11070,"date":"2025-02-05T10:04:48","date_gmt":"2025-02-05T09:04:48","guid":{"rendered":"https:\/\/www.sams-industrie.fr\/product\/carter-de-baladage-reference-decoupeur\/"},"modified":"2025-02-19T12:06:55","modified_gmt":"2025-02-19T11:06:55","slug":"carter-de-baladage-reference-decoupeur","status":"publish","type":"product","link":"https:\/\/www.sams-industrie.fr\/en\/product\/carter-de-baladage-reference-decoupeur\/","title":{"rendered":"Walking case<br> Reference 500-407-007"},"content":{"rendered":"","protected":false},"excerpt":{"rendered":"<p>RAPIDEX RAPIDLINE 16<br \/> R\u00e9f\u00e9rence constructeur : 500-407-007<br \/> R\u00e9f\u00e9rences \u00e9quivalentes : 500407007 \/ M500407007 \/ RAP500407007<\/p>","protected":false},"featured_media":0,"comment_status":"open","ping_status":"closed","template":"","meta":[],"_links":{"self":[{"href":"https:\/\/www.sams-industrie.fr\/en\/wp-json\/wp\/v2\/product\/11070"}],"collection":[{"href":"https:\/\/www.sams-industrie.fr\/en\/wp-json\/wp\/v2\/product"}],"about":[{"href":"https:\/\/www.sams-industrie.fr\/en\/wp-json\/wp\/v2\/types\/product"}],"replies":[{"embeddable":true,"href":"https:\/\/www.sams-industrie.fr\/en\/wp-json\/wp\/v2\/comments?post=11070"}],"wp:attachment":[{"href":"https:\/\/www.sams-industrie.fr\/en\/wp-json\/wp\/v2\/media?parent=11070"}],"curies":[{"name":"wp","href":"https:\/\/api.w.org\/{rel}","templated":true}]}}