{"id":11066,"date":"2025-02-05T10:04:44","date_gmt":"2025-02-05T09:04:44","guid":{"rendered":"https:\/\/www.sams-industrie.fr\/product\/axe-de-galet-inferieur-t3-reference-agrafeuse-en-ligne\/"},"modified":"2025-02-19T12:06:51","modified_gmt":"2025-02-19T11:06:51","slug":"axe-de-galet-inferieur-t3-reference-agrafeuse-en-ligne","status":"publish","type":"product","link":"https:\/\/www.sams-industrie.fr\/en\/product\/axe-de-galet-inferieur-t3-reference-agrafeuse-en-ligne\/","title":{"rendered":"Lower roller axle T3<br> Reference BG-020-607"},"content":{"rendered":"","protected":false},"excerpt":{"rendered":"<p>RAPIDEX RAPIDLINE<br \/> R\u00e9f\u00e9rence constructeur : BG-020-607<br \/> R\u00e9f\u00e9rences \u00e9quivalentes : BG020607 \/ MBG020607 \/ RAPBG020607<\/p>","protected":false},"featured_media":0,"comment_status":"open","ping_status":"closed","template":"","meta":[],"_links":{"self":[{"href":"https:\/\/www.sams-industrie.fr\/en\/wp-json\/wp\/v2\/product\/11066"}],"collection":[{"href":"https:\/\/www.sams-industrie.fr\/en\/wp-json\/wp\/v2\/product"}],"about":[{"href":"https:\/\/www.sams-industrie.fr\/en\/wp-json\/wp\/v2\/types\/product"}],"replies":[{"embeddable":true,"href":"https:\/\/www.sams-industrie.fr\/en\/wp-json\/wp\/v2\/comments?post=11066"}],"wp:attachment":[{"href":"https:\/\/www.sams-industrie.fr\/en\/wp-json\/wp\/v2\/media?parent=11066"}],"curies":[{"name":"wp","href":"https:\/\/api.w.org\/{rel}","templated":true}]}}