{"id":11063,"date":"2025-02-05T10:04:42","date_gmt":"2025-02-05T09:04:42","guid":{"rendered":"https:\/\/www.sams-industrie.fr\/product\/galet-libre-t8-courroie-sandwich-reference-agrafeuse-en-ligne\/"},"modified":"2025-02-19T12:06:48","modified_gmt":"2025-02-19T11:06:48","slug":"galet-libre-t8-courroie-sandwich-reference-agrafeuse-en-ligne","status":"publish","type":"product","link":"https:\/\/www.sams-industrie.fr\/en\/product\/galet-libre-t8-courroie-sandwich-reference-agrafeuse-en-ligne\/","title":{"rendered":"T8 sandwich belt idler roller<br> Reference BG-020-618"},"content":{"rendered":"","protected":false},"excerpt":{"rendered":"<p>RAPIDEX RAPIDLINE<br \/> R\u00e9f\u00e9rence constructeur : BG-020-618<br \/> R\u00e9f\u00e9rences \u00e9quivalentes : BG020618 \/ MBG020618 \/ RAPBG020618<\/p>","protected":false},"featured_media":0,"comment_status":"open","ping_status":"closed","template":"","meta":[],"_links":{"self":[{"href":"https:\/\/www.sams-industrie.fr\/en\/wp-json\/wp\/v2\/product\/11063"}],"collection":[{"href":"https:\/\/www.sams-industrie.fr\/en\/wp-json\/wp\/v2\/product"}],"about":[{"href":"https:\/\/www.sams-industrie.fr\/en\/wp-json\/wp\/v2\/types\/product"}],"replies":[{"embeddable":true,"href":"https:\/\/www.sams-industrie.fr\/en\/wp-json\/wp\/v2\/comments?post=11063"}],"wp:attachment":[{"href":"https:\/\/www.sams-industrie.fr\/en\/wp-json\/wp\/v2\/media?parent=11063"}],"curies":[{"name":"wp","href":"https:\/\/api.w.org\/{rel}","templated":true}]}}