{"id":11062,"date":"2025-02-05T10:04:42","date_gmt":"2025-02-05T09:04:42","guid":{"rendered":"https:\/\/www.sams-industrie.fr\/product\/rondelle-de-galet-libre-t3-courroie-sandwich-reference-agrafeuse-en-ligne\/"},"modified":"2025-02-19T12:06:47","modified_gmt":"2025-02-19T11:06:47","slug":"rondelle-de-galet-libre-t3-courroie-sandwich-reference-agrafeuse-en-ligne","status":"publish","type":"product","link":"https:\/\/www.sams-industrie.fr\/en\/product\/rondelle-de-galet-libre-t3-courroie-sandwich-reference-agrafeuse-en-ligne\/","title":{"rendered":"T3 sandwich belt idler roller washer<br> Reference R-9-30-5T"},"content":{"rendered":"","protected":false},"excerpt":{"rendered":"<p>RAPIDEX RAPIDLINE<br \/> R\u00e9f\u00e9rence constructeur : R-9-30-5T<br \/> R\u00e9f\u00e9rences \u00e9quivalentes : R9305T \/ MR9305T \/ RAPR9305T<\/p>","protected":false},"featured_media":0,"comment_status":"open","ping_status":"closed","template":"","meta":[],"_links":{"self":[{"href":"https:\/\/www.sams-industrie.fr\/en\/wp-json\/wp\/v2\/product\/11062"}],"collection":[{"href":"https:\/\/www.sams-industrie.fr\/en\/wp-json\/wp\/v2\/product"}],"about":[{"href":"https:\/\/www.sams-industrie.fr\/en\/wp-json\/wp\/v2\/types\/product"}],"replies":[{"embeddable":true,"href":"https:\/\/www.sams-industrie.fr\/en\/wp-json\/wp\/v2\/comments?post=11062"}],"wp:attachment":[{"href":"https:\/\/www.sams-industrie.fr\/en\/wp-json\/wp\/v2\/media?parent=11062"}],"curies":[{"name":"wp","href":"https:\/\/api.w.org\/{rel}","templated":true}]}}