{"id":11060,"date":"2025-02-05T10:04:41","date_gmt":"2025-02-05T09:04:41","guid":{"rendered":"https:\/\/www.sams-industrie.fr\/product\/rondelle-axe-galet-libre-reference-agrafeuse-en-ligne\/"},"modified":"2025-02-19T12:06:45","modified_gmt":"2025-02-19T11:06:45","slug":"rondelle-axe-galet-libre-reference-agrafeuse-en-ligne","status":"publish","type":"product","link":"https:\/\/www.sams-industrie.fr\/en\/product\/rondelle-axe-galet-libre-reference-agrafeuse-en-ligne\/","title":{"rendered":"Free roller axle washer<br> Reference R-11-60-8"},"content":{"rendered":"","protected":false},"excerpt":{"rendered":"<p>RAPIDEX RAPIDLINE<br \/> R\u00e9f\u00e9rence constructeur : R-11-60-8<br \/> R\u00e9f\u00e9rences \u00e9quivalentes : R11608 \/ MR11608 \/ RAPR11608<\/p>","protected":false},"featured_media":0,"comment_status":"open","ping_status":"closed","template":"","meta":[],"_links":{"self":[{"href":"https:\/\/www.sams-industrie.fr\/en\/wp-json\/wp\/v2\/product\/11060"}],"collection":[{"href":"https:\/\/www.sams-industrie.fr\/en\/wp-json\/wp\/v2\/product"}],"about":[{"href":"https:\/\/www.sams-industrie.fr\/en\/wp-json\/wp\/v2\/types\/product"}],"replies":[{"embeddable":true,"href":"https:\/\/www.sams-industrie.fr\/en\/wp-json\/wp\/v2\/comments?post=11060"}],"wp:attachment":[{"href":"https:\/\/www.sams-industrie.fr\/en\/wp-json\/wp\/v2\/media?parent=11060"}],"curies":[{"name":"wp","href":"https:\/\/api.w.org\/{rel}","templated":true}]}}