{"id":11058,"date":"2025-02-05T10:04:39","date_gmt":"2025-02-05T09:04:39","guid":{"rendered":"https:\/\/www.sams-industrie.fr\/product\/poulie-t1-codeur-colleuse-reference-plieuse\/"},"modified":"2025-04-22T16:09:38","modified_gmt":"2025-04-22T14:09:38","slug":"poulie-t1-codeur-colleuse-reference-plieuse","status":"publish","type":"product","link":"https:\/\/www.sams-industrie.fr\/en\/product\/poulie-t1-codeur-colleuse-reference-plieuse\/","title":{"rendered":"T1 encoder gluer pulley<br> Reference BC-175-017"},"content":{"rendered":"","protected":false},"excerpt":{"rendered":"<p>RAPIDEX RAPIDLINE 22<br \/>\nR\u00e9f\u00e9rence constructeur : BC-175-017<br \/>\nR\u00e9f\u00e9rences \u00e9quivalentes : BC175017 \/ MBC175017 \/ RAPBC175017<\/p>","protected":false},"featured_media":11363,"comment_status":"open","ping_status":"closed","template":"","meta":[],"_links":{"self":[{"href":"https:\/\/www.sams-industrie.fr\/en\/wp-json\/wp\/v2\/product\/11058"}],"collection":[{"href":"https:\/\/www.sams-industrie.fr\/en\/wp-json\/wp\/v2\/product"}],"about":[{"href":"https:\/\/www.sams-industrie.fr\/en\/wp-json\/wp\/v2\/types\/product"}],"replies":[{"embeddable":true,"href":"https:\/\/www.sams-industrie.fr\/en\/wp-json\/wp\/v2\/comments?post=11058"}],"wp:featuredmedia":[{"embeddable":true,"href":"https:\/\/www.sams-industrie.fr\/en\/wp-json\/wp\/v2\/media\/11363"}],"wp:attachment":[{"href":"https:\/\/www.sams-industrie.fr\/en\/wp-json\/wp\/v2\/media?parent=11058"}],"curies":[{"name":"wp","href":"https:\/\/api.w.org\/{rel}","templated":true}]}}