{"id":11057,"date":"2025-02-05T10:04:39","date_gmt":"2025-02-05T09:04:39","guid":{"rendered":"https:\/\/www.sams-industrie.fr\/product\/poulie-t2-codeur-colleuse-reference-plieuse\/"},"modified":"2025-04-22T16:10:26","modified_gmt":"2025-04-22T14:10:26","slug":"poulie-t2-codeur-colleuse-reference-plieuse","status":"publish","type":"product","link":"https:\/\/www.sams-industrie.fr\/en\/product\/poulie-t2-codeur-colleuse-reference-plieuse\/","title":{"rendered":"T2 encoder gluer pulley<br> Reference 805-010-023"},"content":{"rendered":"","protected":false},"excerpt":{"rendered":"<p>RAPIDEX RAPIDLINE 22<br \/>\nR\u00e9f\u00e9rence constructeur : 805-010-023<br \/>\nR\u00e9f\u00e9rences \u00e9quivalentes : 805010023 \/ M805010023 \/ RAP805010023<\/p>","protected":false},"featured_media":11365,"comment_status":"open","ping_status":"closed","template":"","meta":[],"_links":{"self":[{"href":"https:\/\/www.sams-industrie.fr\/en\/wp-json\/wp\/v2\/product\/11057"}],"collection":[{"href":"https:\/\/www.sams-industrie.fr\/en\/wp-json\/wp\/v2\/product"}],"about":[{"href":"https:\/\/www.sams-industrie.fr\/en\/wp-json\/wp\/v2\/types\/product"}],"replies":[{"embeddable":true,"href":"https:\/\/www.sams-industrie.fr\/en\/wp-json\/wp\/v2\/comments?post=11057"}],"wp:featuredmedia":[{"embeddable":true,"href":"https:\/\/www.sams-industrie.fr\/en\/wp-json\/wp\/v2\/media\/11365"}],"wp:attachment":[{"href":"https:\/\/www.sams-industrie.fr\/en\/wp-json\/wp\/v2\/media?parent=11057"}],"curies":[{"name":"wp","href":"https:\/\/api.w.org\/{rel}","templated":true}]}}