{"id":11056,"date":"2025-02-05T10:04:38","date_gmt":"2025-02-05T09:04:38","guid":{"rendered":"https:\/\/www.sams-industrie.fr\/product\/axe-de-bielle-reference-agrafeuse-en-ligne\/"},"modified":"2025-10-30T10:38:47","modified_gmt":"2025-10-30T09:38:47","slug":"axe-de-bielle-reference-agrafeuse-en-ligne","status":"publish","type":"product","link":"https:\/\/www.sams-industrie.fr\/en\/product\/axe-de-bielle-reference-agrafeuse-en-ligne\/","title":{"rendered":"Connecting rod pin<br> Reference AC250-020-011"},"content":{"rendered":"","protected":false},"excerpt":{"rendered":"<p>RAPIDEX RAPIDLINE<br \/>\nR\u00e9f\u00e9rence constructeur : AC250-020-011<br \/>\nR\u00e9f\u00e9rences \u00e9quivalentes : AC250020011 \/ MAC250020011 \/ RAPAC250020011<\/p>","protected":false},"featured_media":11704,"comment_status":"open","ping_status":"closed","template":"","meta":[],"_links":{"self":[{"href":"https:\/\/www.sams-industrie.fr\/en\/wp-json\/wp\/v2\/product\/11056"}],"collection":[{"href":"https:\/\/www.sams-industrie.fr\/en\/wp-json\/wp\/v2\/product"}],"about":[{"href":"https:\/\/www.sams-industrie.fr\/en\/wp-json\/wp\/v2\/types\/product"}],"replies":[{"embeddable":true,"href":"https:\/\/www.sams-industrie.fr\/en\/wp-json\/wp\/v2\/comments?post=11056"}],"wp:featuredmedia":[{"embeddable":true,"href":"https:\/\/www.sams-industrie.fr\/en\/wp-json\/wp\/v2\/media\/11704"}],"wp:attachment":[{"href":"https:\/\/www.sams-industrie.fr\/en\/wp-json\/wp\/v2\/media?parent=11056"}],"curies":[{"name":"wp","href":"https:\/\/api.w.org\/{rel}","templated":true}]}}