{"id":11054,"date":"2025-02-05T10:04:37","date_gmt":"2025-02-05T09:04:37","guid":{"rendered":"https:\/\/www.sams-industrie.fr\/product\/poulie-cinematique-t4-reference-imprimeuse\/"},"modified":"2025-02-19T12:06:41","modified_gmt":"2025-02-19T11:06:41","slug":"poulie-cinematique-t4-reference-imprimeuse","status":"publish","type":"product","link":"https:\/\/www.sams-industrie.fr\/en\/product\/poulie-cinematique-t4-reference-imprimeuse\/","title":{"rendered":"T4 kinematic pulley<br> Reference 500-112-066"},"content":{"rendered":"","protected":false},"excerpt":{"rendered":"<p>RAPIDEX RAPIDLINE 16<br \/> R\u00e9f\u00e9rence constructeur : 500-112-066<br \/> R\u00e9f\u00e9rences \u00e9quivalentes : 500112066 \/ M500112066 \/ RAP500112066<\/p>","protected":false},"featured_media":0,"comment_status":"open","ping_status":"closed","template":"","meta":[],"_links":{"self":[{"href":"https:\/\/www.sams-industrie.fr\/en\/wp-json\/wp\/v2\/product\/11054"}],"collection":[{"href":"https:\/\/www.sams-industrie.fr\/en\/wp-json\/wp\/v2\/product"}],"about":[{"href":"https:\/\/www.sams-industrie.fr\/en\/wp-json\/wp\/v2\/types\/product"}],"replies":[{"embeddable":true,"href":"https:\/\/www.sams-industrie.fr\/en\/wp-json\/wp\/v2\/comments?post=11054"}],"wp:attachment":[{"href":"https:\/\/www.sams-industrie.fr\/en\/wp-json\/wp\/v2\/media?parent=11054"}],"curies":[{"name":"wp","href":"https:\/\/api.w.org\/{rel}","templated":true}]}}