{"id":11053,"date":"2025-02-05T10:04:36","date_gmt":"2025-02-05T09:04:36","guid":{"rendered":"https:\/\/www.sams-industrie.fr\/product\/axe-de-rotation-gauche-cylindre-sup-reference-margeur\/"},"modified":"2025-09-11T14:03:17","modified_gmt":"2025-09-11T12:03:17","slug":"axe-de-rotation-gauche-cylindre-sup-reference-margeur","status":"publish","type":"product","link":"https:\/\/www.sams-industrie.fr\/en\/product\/axe-de-rotation-gauche-cylindre-sup-reference-margeur\/","title":{"rendered":"Left rotation axis upper cylinder<br> Reference 500-902-014"},"content":{"rendered":"","protected":false},"excerpt":{"rendered":"<p>RAPIDEX RAPIDLINE 16<br \/>\nR\u00e9f\u00e9rence constructeur : 500-902-014<br \/>\nR\u00e9f\u00e9rences \u00e9quivalentes : 500902014 \/ M500902014 \/ RAP500902014<\/p>","protected":false},"featured_media":11469,"comment_status":"open","ping_status":"closed","template":"","meta":[],"_links":{"self":[{"href":"https:\/\/www.sams-industrie.fr\/en\/wp-json\/wp\/v2\/product\/11053"}],"collection":[{"href":"https:\/\/www.sams-industrie.fr\/en\/wp-json\/wp\/v2\/product"}],"about":[{"href":"https:\/\/www.sams-industrie.fr\/en\/wp-json\/wp\/v2\/types\/product"}],"replies":[{"embeddable":true,"href":"https:\/\/www.sams-industrie.fr\/en\/wp-json\/wp\/v2\/comments?post=11053"}],"wp:featuredmedia":[{"embeddable":true,"href":"https:\/\/www.sams-industrie.fr\/en\/wp-json\/wp\/v2\/media\/11469"}],"wp:attachment":[{"href":"https:\/\/www.sams-industrie.fr\/en\/wp-json\/wp\/v2\/media?parent=11053"}],"curies":[{"name":"wp","href":"https:\/\/api.w.org\/{rel}","templated":true}]}}