{"id":11052,"date":"2025-02-05T10:04:36","date_gmt":"2025-02-05T09:04:36","guid":{"rendered":"https:\/\/www.sams-industrie.fr\/product\/levier-de-bielle-droit-reference-margeur\/"},"modified":"2025-09-11T14:04:15","modified_gmt":"2025-09-11T12:04:15","slug":"levier-de-bielle-droit-reference-margeur","status":"publish","type":"product","link":"https:\/\/www.sams-industrie.fr\/en\/product\/levier-de-bielle-droit-reference-margeur\/","title":{"rendered":"Right connecting rod lever<br> Reference 500-902-011"},"content":{"rendered":"","protected":false},"excerpt":{"rendered":"<p>RAPIDEX RAPIDLINE 16<br \/>\nR\u00e9f\u00e9rence constructeur : 500-902-011<br \/>\nR\u00e9f\u00e9rences \u00e9quivalentes : 500902011 \/ M500902011 \/ RAP500902011<\/p>","protected":false},"featured_media":11470,"comment_status":"open","ping_status":"closed","template":"","meta":[],"_links":{"self":[{"href":"https:\/\/www.sams-industrie.fr\/en\/wp-json\/wp\/v2\/product\/11052"}],"collection":[{"href":"https:\/\/www.sams-industrie.fr\/en\/wp-json\/wp\/v2\/product"}],"about":[{"href":"https:\/\/www.sams-industrie.fr\/en\/wp-json\/wp\/v2\/types\/product"}],"replies":[{"embeddable":true,"href":"https:\/\/www.sams-industrie.fr\/en\/wp-json\/wp\/v2\/comments?post=11052"}],"wp:featuredmedia":[{"embeddable":true,"href":"https:\/\/www.sams-industrie.fr\/en\/wp-json\/wp\/v2\/media\/11470"}],"wp:attachment":[{"href":"https:\/\/www.sams-industrie.fr\/en\/wp-json\/wp\/v2\/media?parent=11052"}],"curies":[{"name":"wp","href":"https:\/\/api.w.org\/{rel}","templated":true}]}}