{"id":11051,"date":"2025-02-05T10:04:35","date_gmt":"2025-02-05T09:04:35","guid":{"rendered":"https:\/\/www.sams-industrie.fr\/product\/palier-gauche-cylindre-inferieur-reference-margeur\/"},"modified":"2025-09-11T14:05:16","modified_gmt":"2025-09-11T12:05:16","slug":"palier-gauche-cylindre-inferieur-reference-margeur","status":"publish","type":"product","link":"https:\/\/www.sams-industrie.fr\/en\/product\/palier-gauche-cylindre-inferieur-reference-margeur\/","title":{"rendered":"Left lower cylinder bearing<br> Reference 500-901-012"},"content":{"rendered":"","protected":false},"excerpt":{"rendered":"<p>RAPIDEX RAPIDLINE 16<br \/>\nR\u00e9f\u00e9rence constructeur : 500-901-012<br \/>\nR\u00e9f\u00e9rences \u00e9quivalentes : 500901012 \/ M500901012 \/ RAP500901012<\/p>","protected":false},"featured_media":11471,"comment_status":"open","ping_status":"closed","template":"","meta":[],"_links":{"self":[{"href":"https:\/\/www.sams-industrie.fr\/en\/wp-json\/wp\/v2\/product\/11051"}],"collection":[{"href":"https:\/\/www.sams-industrie.fr\/en\/wp-json\/wp\/v2\/product"}],"about":[{"href":"https:\/\/www.sams-industrie.fr\/en\/wp-json\/wp\/v2\/types\/product"}],"replies":[{"embeddable":true,"href":"https:\/\/www.sams-industrie.fr\/en\/wp-json\/wp\/v2\/comments?post=11051"}],"wp:featuredmedia":[{"embeddable":true,"href":"https:\/\/www.sams-industrie.fr\/en\/wp-json\/wp\/v2\/media\/11471"}],"wp:attachment":[{"href":"https:\/\/www.sams-industrie.fr\/en\/wp-json\/wp\/v2\/media?parent=11051"}],"curies":[{"name":"wp","href":"https:\/\/api.w.org\/{rel}","templated":true}]}}