{"id":11049,"date":"2025-02-05T10:04:34","date_gmt":"2025-02-05T09:04:34","guid":{"rendered":"https:\/\/www.sams-industrie.fr\/product\/clavette-poulie-cinematique-reference-imprimeuse\/"},"modified":"2025-02-19T12:06:37","modified_gmt":"2025-02-19T11:06:37","slug":"clavette-poulie-cinematique-reference-imprimeuse","status":"publish","type":"product","link":"https:\/\/www.sams-industrie.fr\/en\/product\/clavette-poulie-cinematique-reference-imprimeuse\/","title":{"rendered":"Kinematic pulley key<br> Reference 500-412-005"},"content":{"rendered":"","protected":false},"excerpt":{"rendered":"<p>RAPIDEX RAPIDLINE 16<br \/> R\u00e9f\u00e9rence constructeur : 500-412-005<br \/> R\u00e9f\u00e9rences \u00e9quivalentes : 500412005 \/ M500412005 \/ RAP500412005<\/p>","protected":false},"featured_media":0,"comment_status":"open","ping_status":"closed","template":"","meta":[],"_links":{"self":[{"href":"https:\/\/www.sams-industrie.fr\/en\/wp-json\/wp\/v2\/product\/11049"}],"collection":[{"href":"https:\/\/www.sams-industrie.fr\/en\/wp-json\/wp\/v2\/product"}],"about":[{"href":"https:\/\/www.sams-industrie.fr\/en\/wp-json\/wp\/v2\/types\/product"}],"replies":[{"embeddable":true,"href":"https:\/\/www.sams-industrie.fr\/en\/wp-json\/wp\/v2\/comments?post=11049"}],"wp:attachment":[{"href":"https:\/\/www.sams-industrie.fr\/en\/wp-json\/wp\/v2\/media?parent=11049"}],"curies":[{"name":"wp","href":"https:\/\/api.w.org\/{rel}","templated":true}]}}