{"id":11048,"date":"2025-02-05T10:04:33","date_gmt":"2025-02-05T09:04:33","guid":{"rendered":"https:\/\/www.sams-industrie.fr\/product\/support-de-recuperateur-gauche-inox-reference-imprimeuse\/"},"modified":"2025-02-19T12:06:36","modified_gmt":"2025-02-19T11:06:36","slug":"support-de-recuperateur-gauche-inox-reference-imprimeuse","status":"publish","type":"product","link":"https:\/\/www.sams-industrie.fr\/en\/product\/support-de-recuperateur-gauche-inox-reference-imprimeuse\/","title":{"rendered":"Left stainless steel collector support<br> Reference 500-103-166"},"content":{"rendered":"","protected":false},"excerpt":{"rendered":"<p>RAPIDEX RAPIDLINE 16<br \/> R\u00e9f\u00e9rence constructeur : 500-103-166<br \/> R\u00e9f\u00e9rences \u00e9quivalentes : 500103166 \/ M500103166 \/ RAP500103166<\/p>","protected":false},"featured_media":0,"comment_status":"open","ping_status":"closed","template":"","meta":[],"_links":{"self":[{"href":"https:\/\/www.sams-industrie.fr\/en\/wp-json\/wp\/v2\/product\/11048"}],"collection":[{"href":"https:\/\/www.sams-industrie.fr\/en\/wp-json\/wp\/v2\/product"}],"about":[{"href":"https:\/\/www.sams-industrie.fr\/en\/wp-json\/wp\/v2\/types\/product"}],"replies":[{"embeddable":true,"href":"https:\/\/www.sams-industrie.fr\/en\/wp-json\/wp\/v2\/comments?post=11048"}],"wp:attachment":[{"href":"https:\/\/www.sams-industrie.fr\/en\/wp-json\/wp\/v2\/media?parent=11048"}],"curies":[{"name":"wp","href":"https:\/\/api.w.org\/{rel}","templated":true}]}}