{"id":11046,"date":"2025-02-05T10:04:32","date_gmt":"2025-02-05T09:04:32","guid":{"rendered":"https:\/\/www.sams-industrie.fr\/product\/entraineur-superieur-bi-matiere-reference-margeur\/"},"modified":"2025-02-19T12:06:35","modified_gmt":"2025-02-19T11:06:35","slug":"entraineur-superieur-bi-matiere-reference-margeur","status":"publish","type":"product","link":"https:\/\/www.sams-industrie.fr\/en\/product\/entraineur-superieur-bi-matiere-reference-margeur\/","title":{"rendered":"Bi-material upper trainer<br> Reference 700-903-010"},"content":{"rendered":"","protected":false},"excerpt":{"rendered":"<p>RAPIDEX RAPIDLINE 13<br \/> R\u00e9f\u00e9rence constructeur : 700-903-010<br \/> R\u00e9f\u00e9rences \u00e9quivalentes : 700903010 \/ M700903010 \/ RAP700903010<\/p>","protected":false},"featured_media":0,"comment_status":"open","ping_status":"closed","template":"","meta":[],"_links":{"self":[{"href":"https:\/\/www.sams-industrie.fr\/en\/wp-json\/wp\/v2\/product\/11046"}],"collection":[{"href":"https:\/\/www.sams-industrie.fr\/en\/wp-json\/wp\/v2\/product"}],"about":[{"href":"https:\/\/www.sams-industrie.fr\/en\/wp-json\/wp\/v2\/types\/product"}],"replies":[{"embeddable":true,"href":"https:\/\/www.sams-industrie.fr\/en\/wp-json\/wp\/v2\/comments?post=11046"}],"wp:attachment":[{"href":"https:\/\/www.sams-industrie.fr\/en\/wp-json\/wp\/v2\/media?parent=11046"}],"curies":[{"name":"wp","href":"https:\/\/api.w.org\/{rel}","templated":true}]}}