{"id":11045,"date":"2025-02-05T10:04:31","date_gmt":"2025-02-05T09:04:31","guid":{"rendered":"https:\/\/www.sams-industrie.fr\/product\/entraineur-inferieur-bi-matiere-reference-margeur\/"},"modified":"2025-02-19T12:06:34","modified_gmt":"2025-02-19T11:06:34","slug":"entraineur-inferieur-bi-matiere-reference-margeur","status":"publish","type":"product","link":"https:\/\/www.sams-industrie.fr\/en\/product\/entraineur-inferieur-bi-matiere-reference-margeur\/","title":{"rendered":"Bi-material lower trainer<br> Reference 700-904-010"},"content":{"rendered":"","protected":false},"excerpt":{"rendered":"<p>RAPIDEX RAPIDLINE 13<br \/> R\u00e9f\u00e9rence constructeur : 700-904-010<br \/> R\u00e9f\u00e9rences \u00e9quivalentes : 700904010 \/ M700904010 \/ RAP700904010<\/p>","protected":false},"featured_media":0,"comment_status":"open","ping_status":"closed","template":"","meta":[],"_links":{"self":[{"href":"https:\/\/www.sams-industrie.fr\/en\/wp-json\/wp\/v2\/product\/11045"}],"collection":[{"href":"https:\/\/www.sams-industrie.fr\/en\/wp-json\/wp\/v2\/product"}],"about":[{"href":"https:\/\/www.sams-industrie.fr\/en\/wp-json\/wp\/v2\/types\/product"}],"replies":[{"embeddable":true,"href":"https:\/\/www.sams-industrie.fr\/en\/wp-json\/wp\/v2\/comments?post=11045"}],"wp:attachment":[{"href":"https:\/\/www.sams-industrie.fr\/en\/wp-json\/wp\/v2\/media?parent=11045"}],"curies":[{"name":"wp","href":"https:\/\/api.w.org\/{rel}","templated":true}]}}