{"id":11044,"date":"2025-02-05T10:04:31","date_gmt":"2025-02-05T09:04:31","guid":{"rendered":"https:\/\/www.sams-industrie.fr\/product\/couteau-de-rive-slotter-reference\/"},"modified":"2025-11-03T16:34:22","modified_gmt":"2025-11-03T15:34:22","slug":"couteau-de-rive-slotter-reference","status":"publish","type":"product","link":"https:\/\/www.sams-industrie.fr\/en\/product\/couteau-de-rive-slotter-reference\/","title":{"rendered":"Slotter shore knife<br> Reference 70 70-11.217A"},"content":{"rendered":"","protected":false},"excerpt":{"rendered":"<p>MARTIN<br \/>\nR\u00e9f\u00e9rence constructeur : 70 70-11.217A<br \/>\nR\u00e9f\u00e9rences \u00e9quivalentes : ST19150 \/ MST19150 \/ RAPST19150<\/p>","protected":false},"featured_media":11726,"comment_status":"open","ping_status":"closed","template":"","meta":[],"_links":{"self":[{"href":"https:\/\/www.sams-industrie.fr\/en\/wp-json\/wp\/v2\/product\/11044"}],"collection":[{"href":"https:\/\/www.sams-industrie.fr\/en\/wp-json\/wp\/v2\/product"}],"about":[{"href":"https:\/\/www.sams-industrie.fr\/en\/wp-json\/wp\/v2\/types\/product"}],"replies":[{"embeddable":true,"href":"https:\/\/www.sams-industrie.fr\/en\/wp-json\/wp\/v2\/comments?post=11044"}],"wp:featuredmedia":[{"embeddable":true,"href":"https:\/\/www.sams-industrie.fr\/en\/wp-json\/wp\/v2\/media\/11726"}],"wp:attachment":[{"href":"https:\/\/www.sams-industrie.fr\/en\/wp-json\/wp\/v2\/media?parent=11044"}],"curies":[{"name":"wp","href":"https:\/\/api.w.org\/{rel}","templated":true}]}}