{"id":11043,"date":"2025-02-05T10:04:30","date_gmt":"2025-02-05T09:04:30","guid":{"rendered":"https:\/\/www.sams-industrie.fr\/product\/galet-moteur-table-elevatrice-reference\/"},"modified":"2025-02-19T12:06:32","modified_gmt":"2025-02-19T11:06:32","slug":"galet-moteur-table-elevatrice-reference","status":"publish","type":"product","link":"https:\/\/www.sams-industrie.fr\/en\/product\/galet-moteur-table-elevatrice-reference\/","title":{"rendered":"Lifting table motor roller<br> Reference BAF-2444-117"},"content":{"rendered":"","protected":false},"excerpt":{"rendered":"<p>RAPIDEX, table ATLAS <br \/> R\u00e9f\u00e9rence constructeur : BAF-2444-117<br \/> R\u00e9f\u00e9rences \u00e9quivalentes : BAF2444117 \/ MBAF2444117 \/ RAPBAF2444117<\/p>","protected":false},"featured_media":0,"comment_status":"open","ping_status":"closed","template":"","meta":[],"_links":{"self":[{"href":"https:\/\/www.sams-industrie.fr\/en\/wp-json\/wp\/v2\/product\/11043"}],"collection":[{"href":"https:\/\/www.sams-industrie.fr\/en\/wp-json\/wp\/v2\/product"}],"about":[{"href":"https:\/\/www.sams-industrie.fr\/en\/wp-json\/wp\/v2\/types\/product"}],"replies":[{"embeddable":true,"href":"https:\/\/www.sams-industrie.fr\/en\/wp-json\/wp\/v2\/comments?post=11043"}],"wp:attachment":[{"href":"https:\/\/www.sams-industrie.fr\/en\/wp-json\/wp\/v2\/media?parent=11043"}],"curies":[{"name":"wp","href":"https:\/\/api.w.org\/{rel}","templated":true}]}}