{"id":11040,"date":"2025-02-05T10:04:28","date_gmt":"2025-02-05T09:04:28","guid":{"rendered":"https:\/\/www.sams-industrie.fr\/product\/pastille-de-rivetage-reference-3\/"},"modified":"2025-10-14T15:41:30","modified_gmt":"2025-10-14T13:41:30","slug":"pastille-de-rivetage-reference-3","status":"publish","type":"product","link":"https:\/\/www.sams-industrie.fr\/en\/product\/pastille-de-rivetage-reference-3\/","title":{"rendered":"Riveting pad<br> Reference CJ-015-119-ES"},"content":{"rendered":"","protected":false},"excerpt":{"rendered":"<p>RAPIDEX RAPIDLINE<br \/>\nR\u00e9f\u00e9rence constructeur : CJ-015-119-ES<br \/>\nR\u00e9f\u00e9rences \u00e9quivalentes : CJ015119ES \/ MCJ015119ES \/ RAPCJ015119ES<\/p>","protected":false},"featured_media":11625,"comment_status":"open","ping_status":"closed","template":"","meta":[],"_links":{"self":[{"href":"https:\/\/www.sams-industrie.fr\/en\/wp-json\/wp\/v2\/product\/11040"}],"collection":[{"href":"https:\/\/www.sams-industrie.fr\/en\/wp-json\/wp\/v2\/product"}],"about":[{"href":"https:\/\/www.sams-industrie.fr\/en\/wp-json\/wp\/v2\/types\/product"}],"replies":[{"embeddable":true,"href":"https:\/\/www.sams-industrie.fr\/en\/wp-json\/wp\/v2\/comments?post=11040"}],"wp:featuredmedia":[{"embeddable":true,"href":"https:\/\/www.sams-industrie.fr\/en\/wp-json\/wp\/v2\/media\/11625"}],"wp:attachment":[{"href":"https:\/\/www.sams-industrie.fr\/en\/wp-json\/wp\/v2\/media?parent=11040"}],"curies":[{"name":"wp","href":"https:\/\/api.w.org\/{rel}","templated":true}]}}