{"id":11039,"date":"2025-02-05T10:04:27","date_gmt":"2025-02-05T09:04:27","guid":{"rendered":"https:\/\/www.sams-industrie.fr\/product\/embout-droit-cylindre-reference\/"},"modified":"2025-02-19T12:06:23","modified_gmt":"2025-02-19T11:06:23","slug":"embout-droit-cylindre-reference","status":"publish","type":"product","link":"https:\/\/www.sams-industrie.fr\/en\/product\/embout-droit-cylindre-reference\/","title":{"rendered":"Straight cylinder tip<br> Reference BAE-2106-056"},"content":{"rendered":"","protected":false},"excerpt":{"rendered":"<p>RAPIDEX RAPIDBOX<br \/> R\u00e9f\u00e9rence constructeur : BAE-2106-056<br \/> R\u00e9f\u00e9rences \u00e9quivalentes : BAE2106056 \/ MBAE2106056 \/ RAPBAE2106056<\/p>","protected":false},"featured_media":0,"comment_status":"open","ping_status":"closed","template":"","meta":[],"_links":{"self":[{"href":"https:\/\/www.sams-industrie.fr\/en\/wp-json\/wp\/v2\/product\/11039"}],"collection":[{"href":"https:\/\/www.sams-industrie.fr\/en\/wp-json\/wp\/v2\/product"}],"about":[{"href":"https:\/\/www.sams-industrie.fr\/en\/wp-json\/wp\/v2\/types\/product"}],"replies":[{"embeddable":true,"href":"https:\/\/www.sams-industrie.fr\/en\/wp-json\/wp\/v2\/comments?post=11039"}],"wp:attachment":[{"href":"https:\/\/www.sams-industrie.fr\/en\/wp-json\/wp\/v2\/media?parent=11039"}],"curies":[{"name":"wp","href":"https:\/\/api.w.org\/{rel}","templated":true}]}}