{"id":11038,"date":"2025-02-05T10:04:26","date_gmt":"2025-02-05T09:04:26","guid":{"rendered":"https:\/\/www.sams-industrie.fr\/product\/axe-t2-de-pignon-poulie-reference-margeur\/"},"modified":"2025-02-19T13:45:11","modified_gmt":"2025-02-19T12:45:11","slug":"axe-t2-de-pignon-poulie-reference-margeur","status":"publish","type":"product","link":"https:\/\/www.sams-industrie.fr\/en\/product\/axe-t2-de-pignon-poulie-reference-margeur\/","title":{"rendered":"T2 pinion \u2013 pulley axle<br> Reference 500-914-016"},"content":{"rendered":"","protected":false},"excerpt":{"rendered":"<p>RAPIDEX RAPIDLINE 16<br \/>\nR\u00e9f\u00e9rence constructeur : 500-914-016<br \/>\nR\u00e9f\u00e9rences \u00e9quivalentes : 500914016 \/ M500914016 \/ RAP500914016<\/p>","protected":false},"featured_media":11229,"comment_status":"open","ping_status":"closed","template":"","meta":[],"_links":{"self":[{"href":"https:\/\/www.sams-industrie.fr\/en\/wp-json\/wp\/v2\/product\/11038"}],"collection":[{"href":"https:\/\/www.sams-industrie.fr\/en\/wp-json\/wp\/v2\/product"}],"about":[{"href":"https:\/\/www.sams-industrie.fr\/en\/wp-json\/wp\/v2\/types\/product"}],"replies":[{"embeddable":true,"href":"https:\/\/www.sams-industrie.fr\/en\/wp-json\/wp\/v2\/comments?post=11038"}],"wp:featuredmedia":[{"embeddable":true,"href":"https:\/\/www.sams-industrie.fr\/en\/wp-json\/wp\/v2\/media\/11229"}],"wp:attachment":[{"href":"https:\/\/www.sams-industrie.fr\/en\/wp-json\/wp\/v2\/media?parent=11038"}],"curies":[{"name":"wp","href":"https:\/\/api.w.org\/{rel}","templated":true}]}}