{"id":11037,"date":"2025-02-05T10:04:26","date_gmt":"2025-02-05T09:04:26","guid":{"rendered":"https:\/\/www.sams-industrie.fr\/product\/embase-de-diabolo-reference\/"},"modified":"2025-02-19T12:06:21","modified_gmt":"2025-02-19T11:06:21","slug":"embase-de-diabolo-reference","status":"publish","type":"product","link":"https:\/\/www.sams-industrie.fr\/en\/product\/embase-de-diabolo-reference\/","title":{"rendered":"Diabolo base<br> Reference BAF-2152-046"},"content":{"rendered":"","protected":false},"excerpt":{"rendered":"<p>RAPIDEX RAPIDBOX<br \/> R\u00e9f\u00e9rence constructeur : BAF-2152-046<br \/> R\u00e9f\u00e9rences \u00e9quivalentes : BAF2152046 \/ MBAF2152046 \/ RAPBAF2152046<\/p>","protected":false},"featured_media":0,"comment_status":"open","ping_status":"closed","template":"","meta":[],"_links":{"self":[{"href":"https:\/\/www.sams-industrie.fr\/en\/wp-json\/wp\/v2\/product\/11037"}],"collection":[{"href":"https:\/\/www.sams-industrie.fr\/en\/wp-json\/wp\/v2\/product"}],"about":[{"href":"https:\/\/www.sams-industrie.fr\/en\/wp-json\/wp\/v2\/types\/product"}],"replies":[{"embeddable":true,"href":"https:\/\/www.sams-industrie.fr\/en\/wp-json\/wp\/v2\/comments?post=11037"}],"wp:attachment":[{"href":"https:\/\/www.sams-industrie.fr\/en\/wp-json\/wp\/v2\/media?parent=11037"}],"curies":[{"name":"wp","href":"https:\/\/api.w.org\/{rel}","templated":true}]}}