{"id":11036,"date":"2025-02-05T10:04:25","date_gmt":"2025-02-05T09:04:25","guid":{"rendered":"https:\/\/www.sams-industrie.fr\/product\/moyeu-de-scie-reference\/"},"modified":"2025-02-19T12:06:20","modified_gmt":"2025-02-19T11:06:20","slug":"moyeu-de-scie-reference","status":"publish","type":"product","link":"https:\/\/www.sams-industrie.fr\/en\/product\/moyeu-de-scie-reference\/","title":{"rendered":"Saw hub<br> Reference BAF-2004-035"},"content":{"rendered":"","protected":false},"excerpt":{"rendered":"<p>RAPIDEX RAPIDBOX<br \/> R\u00e9f\u00e9rence constructeur : BAF-2004-035<br \/> R\u00e9f\u00e9rences \u00e9quivalentes : BAF2004035 \/ MBAF2004035 \/ RAPBAF2004035<\/p>","protected":false},"featured_media":0,"comment_status":"open","ping_status":"closed","template":"","meta":[],"_links":{"self":[{"href":"https:\/\/www.sams-industrie.fr\/en\/wp-json\/wp\/v2\/product\/11036"}],"collection":[{"href":"https:\/\/www.sams-industrie.fr\/en\/wp-json\/wp\/v2\/product"}],"about":[{"href":"https:\/\/www.sams-industrie.fr\/en\/wp-json\/wp\/v2\/types\/product"}],"replies":[{"embeddable":true,"href":"https:\/\/www.sams-industrie.fr\/en\/wp-json\/wp\/v2\/comments?post=11036"}],"wp:attachment":[{"href":"https:\/\/www.sams-industrie.fr\/en\/wp-json\/wp\/v2\/media?parent=11036"}],"curies":[{"name":"wp","href":"https:\/\/api.w.org\/{rel}","templated":true}]}}