{"id":11035,"date":"2025-02-05T10:04:24","date_gmt":"2025-02-05T09:04:24","guid":{"rendered":"https:\/\/www.sams-industrie.fr\/product\/diabolo-de-guidage-reference\/"},"modified":"2025-07-03T15:27:34","modified_gmt":"2025-07-03T13:27:34","slug":"diabolo-de-guidage-reference","status":"publish","type":"product","link":"https:\/\/www.sams-industrie.fr\/en\/product\/diabolo-de-guidage-reference\/","title":{"rendered":"Guide Diabolo<br> Reference BAF-2152-007"},"content":{"rendered":"","protected":false},"excerpt":{"rendered":"<p>RAPIDEX RAPIDBOX<br \/>\nR\u00e9f\u00e9rence constructeur : BAF-2152-007<br \/>\nR\u00e9f\u00e9rences \u00e9quivalentes : BAF2152007 \/ MBAF2152007 \/ RAPBAF2152007<\/p>","protected":false},"featured_media":11419,"comment_status":"open","ping_status":"closed","template":"","meta":[],"_links":{"self":[{"href":"https:\/\/www.sams-industrie.fr\/en\/wp-json\/wp\/v2\/product\/11035"}],"collection":[{"href":"https:\/\/www.sams-industrie.fr\/en\/wp-json\/wp\/v2\/product"}],"about":[{"href":"https:\/\/www.sams-industrie.fr\/en\/wp-json\/wp\/v2\/types\/product"}],"replies":[{"embeddable":true,"href":"https:\/\/www.sams-industrie.fr\/en\/wp-json\/wp\/v2\/comments?post=11035"}],"wp:featuredmedia":[{"embeddable":true,"href":"https:\/\/www.sams-industrie.fr\/en\/wp-json\/wp\/v2\/media\/11419"}],"wp:attachment":[{"href":"https:\/\/www.sams-industrie.fr\/en\/wp-json\/wp\/v2\/media?parent=11035"}],"curies":[{"name":"wp","href":"https:\/\/api.w.org\/{rel}","templated":true}]}}