{"id":11034,"date":"2025-02-05T10:04:24","date_gmt":"2025-02-05T09:04:24","guid":{"rendered":"https:\/\/www.sams-industrie.fr\/product\/lame-coupe-patte-40-dd-reference\/"},"modified":"2025-02-19T12:06:19","modified_gmt":"2025-02-19T11:06:19","slug":"lame-coupe-patte-40-dd-reference","status":"publish","type":"product","link":"https:\/\/www.sams-industrie.fr\/en\/product\/lame-coupe-patte-40-dd-reference\/","title":{"rendered":"40 DD paw cutting blade<br> Reference BAF-2152-053"},"content":{"rendered":"","protected":false},"excerpt":{"rendered":"<p>RAPIDEX RAPIDBOX<br \/> R\u00e9f\u00e9rence constructeur : BAF-2152-053<br \/> R\u00e9f\u00e9rences \u00e9quivalentes : BAF2152053 \/ MBAF2152053 \/ RAPBAF2152053<\/p>","protected":false},"featured_media":0,"comment_status":"open","ping_status":"closed","template":"","meta":[],"_links":{"self":[{"href":"https:\/\/www.sams-industrie.fr\/en\/wp-json\/wp\/v2\/product\/11034"}],"collection":[{"href":"https:\/\/www.sams-industrie.fr\/en\/wp-json\/wp\/v2\/product"}],"about":[{"href":"https:\/\/www.sams-industrie.fr\/en\/wp-json\/wp\/v2\/types\/product"}],"replies":[{"embeddable":true,"href":"https:\/\/www.sams-industrie.fr\/en\/wp-json\/wp\/v2\/comments?post=11034"}],"wp:attachment":[{"href":"https:\/\/www.sams-industrie.fr\/en\/wp-json\/wp\/v2\/media?parent=11034"}],"curies":[{"name":"wp","href":"https:\/\/api.w.org\/{rel}","templated":true}]}}