{"id":11031,"date":"2025-02-05T10:04:22","date_gmt":"2025-02-05T09:04:22","guid":{"rendered":"https:\/\/www.sams-industrie.fr\/product\/support-ecrase-patte-et-feuille-reference\/"},"modified":"2025-09-11T14:37:06","modified_gmt":"2025-09-11T12:37:06","slug":"support-ecrase-patte-et-feuille-reference","status":"publish","type":"product","link":"https:\/\/www.sams-industrie.fr\/en\/product\/support-ecrase-patte-et-feuille-reference\/","title":{"rendered":"Support crushes paw and leaf<br> Reference BAF-2156-629"},"content":{"rendered":"","protected":false},"excerpt":{"rendered":"<p>RAPIDEX RAPIDBOX<br \/>\nR\u00e9f\u00e9rence constructeur : BAF-2156-629<br \/>\nR\u00e9f\u00e9rences \u00e9quivalentes : BAF2156629 \/ MBAF2156629 \/ RAPBAF2156629<\/p>","protected":false},"featured_media":11485,"comment_status":"open","ping_status":"closed","template":"","meta":[],"_links":{"self":[{"href":"https:\/\/www.sams-industrie.fr\/en\/wp-json\/wp\/v2\/product\/11031"}],"collection":[{"href":"https:\/\/www.sams-industrie.fr\/en\/wp-json\/wp\/v2\/product"}],"about":[{"href":"https:\/\/www.sams-industrie.fr\/en\/wp-json\/wp\/v2\/types\/product"}],"replies":[{"embeddable":true,"href":"https:\/\/www.sams-industrie.fr\/en\/wp-json\/wp\/v2\/comments?post=11031"}],"wp:featuredmedia":[{"embeddable":true,"href":"https:\/\/www.sams-industrie.fr\/en\/wp-json\/wp\/v2\/media\/11485"}],"wp:attachment":[{"href":"https:\/\/www.sams-industrie.fr\/en\/wp-json\/wp\/v2\/media?parent=11031"}],"curies":[{"name":"wp","href":"https:\/\/api.w.org\/{rel}","templated":true}]}}