{"id":11028,"date":"2025-02-05T10:04:20","date_gmt":"2025-02-05T09:04:20","guid":{"rendered":"https:\/\/www.sams-industrie.fr\/product\/embase-ecrase-feuille-reference\/"},"modified":"2025-09-11T14:40:20","modified_gmt":"2025-09-11T12:40:20","slug":"embase-ecrase-feuille-reference","status":"publish","type":"product","link":"https:\/\/www.sams-industrie.fr\/en\/product\/embase-ecrase-feuille-reference\/","title":{"rendered":"Leaf crusher base<br> Reference BAF-2156-632"},"content":{"rendered":"","protected":false},"excerpt":{"rendered":"<p>RAPIDEX RAPIDBOX<br \/>\nR\u00e9f\u00e9rence constructeur : BAF-2156-632<br \/>\nR\u00e9f\u00e9rences \u00e9quivalentes : BAF2156632 \/ MBAF2156632 \/ RAPBAF2156632<\/p>","protected":false},"featured_media":11488,"comment_status":"open","ping_status":"closed","template":"","meta":[],"_links":{"self":[{"href":"https:\/\/www.sams-industrie.fr\/en\/wp-json\/wp\/v2\/product\/11028"}],"collection":[{"href":"https:\/\/www.sams-industrie.fr\/en\/wp-json\/wp\/v2\/product"}],"about":[{"href":"https:\/\/www.sams-industrie.fr\/en\/wp-json\/wp\/v2\/types\/product"}],"replies":[{"embeddable":true,"href":"https:\/\/www.sams-industrie.fr\/en\/wp-json\/wp\/v2\/comments?post=11028"}],"wp:featuredmedia":[{"embeddable":true,"href":"https:\/\/www.sams-industrie.fr\/en\/wp-json\/wp\/v2\/media\/11488"}],"wp:attachment":[{"href":"https:\/\/www.sams-industrie.fr\/en\/wp-json\/wp\/v2\/media?parent=11028"}],"curies":[{"name":"wp","href":"https:\/\/api.w.org\/{rel}","templated":true}]}}