{"id":11027,"date":"2025-02-05T10:04:20","date_gmt":"2025-02-05T09:04:20","guid":{"rendered":"https:\/\/www.sams-industrie.fr\/product\/cale-ecrase-feuille-reference\/"},"modified":"2025-09-11T14:41:07","modified_gmt":"2025-09-11T12:41:07","slug":"cale-ecrase-feuille-reference","status":"publish","type":"product","link":"https:\/\/www.sams-industrie.fr\/en\/product\/cale-ecrase-feuille-reference\/","title":{"rendered":"Leaf crusher wedge<br> Reference BAF-2156-633"},"content":{"rendered":"","protected":false},"excerpt":{"rendered":"<p>RAPIDEX RAPIDBOX<br \/>\nR\u00e9f\u00e9rence constructeur : BAF-2156-633<br \/>\nR\u00e9f\u00e9rences \u00e9quivalentes : BAF2156633 \/ MBAF2156633 \/ RAPBAF2156633<\/p>","protected":false},"featured_media":11489,"comment_status":"open","ping_status":"closed","template":"","meta":[],"_links":{"self":[{"href":"https:\/\/www.sams-industrie.fr\/en\/wp-json\/wp\/v2\/product\/11027"}],"collection":[{"href":"https:\/\/www.sams-industrie.fr\/en\/wp-json\/wp\/v2\/product"}],"about":[{"href":"https:\/\/www.sams-industrie.fr\/en\/wp-json\/wp\/v2\/types\/product"}],"replies":[{"embeddable":true,"href":"https:\/\/www.sams-industrie.fr\/en\/wp-json\/wp\/v2\/comments?post=11027"}],"wp:featuredmedia":[{"embeddable":true,"href":"https:\/\/www.sams-industrie.fr\/en\/wp-json\/wp\/v2\/media\/11489"}],"wp:attachment":[{"href":"https:\/\/www.sams-industrie.fr\/en\/wp-json\/wp\/v2\/media?parent=11027"}],"curies":[{"name":"wp","href":"https:\/\/api.w.org\/{rel}","templated":true}]}}